{"id":332,"date":"2010-11-29T13:19:35","date_gmt":"2010-11-29T12:19:35","guid":{"rendered":"http:\/\/www.mehrgenerationenhaus-bnaw.de\/?page_id=332"},"modified":"2025-07-04T16:16:42","modified_gmt":"2025-07-04T14:16:42","slug":"das-spielzimmer","status":"publish","type":"page","link":"https:\/\/www.mehrgenerationenhaus-bnaw.de\/?page_id=332","title":{"rendered":"Das Spielzimmer"},"content":{"rendered":"<p><!--\n<center><strong><em>\u201eVergn\u00fcgen f\u00fcr die Kinder, Entspannung und Austausch f\u00fcr ihre Eltern\u201c<\/em><\/strong><\/center>\n--><br>\n<wbr><br>\n<a href=\"https:\/\/www.mehrgenerationenhaus-bnaw.de\/wp-content\/uploads\/Allgemein\/Spielzimmer1.JPG\"><img loading=\"lazy\" decoding=\"async\" class=\"alignright size-thumbnail wp-image-153\" title=\"1\" src=\"https:\/\/www.mehrgenerationenhaus-bnaw.de\/wp-content\/uploads\/Allgemein\/Spielzimmer1.JPG\" alt width=\"310\" height=\"225\"><\/a><\/p>\n<p><!--\nDas helle Spielzimmer im Haus der Familie \/ Mehrgenerationenhaus sorgt f\u00fcr Spielspa\u00df bei den kleinen G\u00e4sten und f\u00fcr Erholung bei deren Eltern.\n\nDas freundliche Ambiente und die zahlreichen Spielsachen begeistern jeden kleinen Besucher. Besonders gro\u00dfer Beliebtheit erfreut sich das Kinder-Holzhaus mit Fenstern und eigener Kinderk\u00fcche.\n--><\/p>\n<p><a href=\"https:\/\/www.mehrgenerationenhaus-bnaw.de\/wp-content\/uploads\/Allgemein\/Spielzimmer3.JPG\"><img loading=\"lazy\" decoding=\"async\" class=\"alignleft size-thumbnail wp-image-153\" title=\"3\" src=\"https:\/\/www.mehrgenerationenhaus-bnaw.de\/wp-content\/uploads\/Allgemein\/Spielzimmer3.JPG\" alt width=\"310\" height=\"225\"><\/a><\/p>\n<p><a href=\"https:\/\/www.mehrgenerationenhaus-bnaw.de\/wp-content\/uploads\/Allgemein\/Spielzimmer4.JPG\"><img loading=\"lazy\" decoding=\"async\" class=\"alignright size-thumbnail wp-image-153\" title=\"4\" src=\"https:\/\/www.mehrgenerationenhaus-bnaw.de\/wp-content\/uploads\/Allgemein\/Spielzimmer4.JPG\" alt width=\"310\" height=\"225\"><\/a><\/p>\n<p><a href=\"https:\/\/www.mehrgenerationenhaus-bnaw.de\/wp-content\/uploads\/Allgemein\/Spielzimmer2.JPG\"><img loading=\"lazy\" decoding=\"async\" class=\"alignleft size-thumbnail wp-image-153\" title=\"2\" src=\"https:\/\/www.mehrgenerationenhaus-bnaw.de\/wp-content\/uploads\/Allgemein\/Spielzimmer2.JPG\" alt width=\"310\" height=\"225\"><\/a><\/p>\n<p><a href=\"https:\/\/www.mehrgenerationenhaus-bnaw.de\/wp-content\/uploads\/Allgemein\/Spielzimmer5.JPG\"><img loading=\"lazy\" decoding=\"async\" class=\"alignright size-thumbnail wp-image-153\" title=\"5\" src=\"https:\/\/www.mehrgenerationenhaus-bnaw.de\/wp-content\/uploads\/Allgemein\/Spielzimmer5.JPG\" alt width=\"310\" height=\"225\"><\/a><\/p>\n<p><!--\nDas hauseigene Caf\u00e9 bietet Snacks, Kaffeespezialit\u00e4ten und Kaltgetr\u00e4nke zu humanen Preisen an, die auch im Spielzimmer verzehrt werden k\u00f6nnen (die Mitnahme von eigenen Speisen ist ebenfalls erlaubt).\n\nW\u00e4hrend die Kindern spielen, k\u00f6nnen die Eltern gem\u00fctlich ein St\u00fcck Kuchen essen, einen Kaffee trinken und sich unterhalten. F\u00fcr Entspannung ist so auf beiden Seiten gesorgt.\n\n\n<h2><\/h2>\n\n\nDie zentrale Lage des Mehrgenerationenhauses erlaubt auch eine spontane Stippvisite auf dem Weg in die Innenstadt oder Nachhause. Ein Besuch im Mehrgenerationenhaus kann somit problemlos in den Alltag integriert werden und bedarf keiner gro\u00dfen Planung.\n\n\nDas Spielzimmer ist, wie das Caf\u00e9, Montag bis Freitag von 9.00 bis 17.00 Uhr f\u00fcr alle ge\u00f6ffnet.\n\nAusnahmen sind die Zeiten in denen die Familienbildungsst\u00e4tte dort ihre Kurse \"Kinderstube f\u00fcr Kinder ab 1 1\/2 Jahren\" durchf\u00fchrt. Das Spielzimmer ist dann montags, mittwochs und freitags von 9.30 - 11.30 Uhr geschlossen.\n\n<em>Das Team des Mehrgenerationenhauses freut sich auf Ihr Kommen!<\/em>\n--><\/p>\n","protected":false},"excerpt":{"rendered":"","protected":false},"author":1,"featured_media":0,"parent":45,"menu_order":5,"comment_status":"closed","ping_status":"closed","template":"","meta":{"wp_typography_post_enhancements_disabled":false,"footnotes":""},"class_list":["post-332","page","type-page","status-publish","hentry"],"_links":{"self":[{"href":"https:\/\/www.mehrgenerationenhaus-bnaw.de\/index.php?rest_route=\/wp\/v2\/pages\/332","targetHints":{"allow":["GET"]}}],"collection":[{"href":"https:\/\/www.mehrgenerationenhaus-bnaw.de\/index.php?rest_route=\/wp\/v2\/pages"}],"about":[{"href":"https:\/\/www.mehrgenerationenhaus-bnaw.de\/index.php?rest_route=\/wp\/v2\/types\/page"}],"author":[{"embeddable":true,"href":"https:\/\/www.mehrgenerationenhaus-bnaw.de\/index.php?rest_route=\/wp\/v2\/users\/1"}],"replies":[{"embeddable":true,"href":"https:\/\/www.mehrgenerationenhaus-bnaw.de\/index.php?rest_route=%2Fwp%2Fv2%2Fcomments&post=332"}],"version-history":[{"count":2,"href":"https:\/\/www.mehrgenerationenhaus-bnaw.de\/index.php?rest_route=\/wp\/v2\/pages\/332\/revisions"}],"predecessor-version":[{"id":4997,"href":"https:\/\/www.mehrgenerationenhaus-bnaw.de\/index.php?rest_route=\/wp\/v2\/pages\/332\/revisions\/4997"}],"up":[{"embeddable":true,"href":"https:\/\/www.mehrgenerationenhaus-bnaw.de\/index.php?rest_route=\/wp\/v2\/pages\/45"}],"wp:attachment":[{"href":"https:\/\/www.mehrgenerationenhaus-bnaw.de\/index.php?rest_route=%2Fwp%2Fv2%2Fmedia&parent=332"}],"curies":[{"name":"wp","href":"https:\/\/api.w.org\/{rel}","templated":true}]}}